{"id":557,"date":"2016-08-17T12:58:54","date_gmt":"2016-08-17T12:58:54","guid":{"rendered":"http:\/\/www.artesandrade.com\/?page_id=557"},"modified":"2016-09-20T14:36:33","modified_gmt":"2016-09-20T14:36:33","slug":"videos-2","status":"publish","type":"page","link":"http:\/\/www.artesandrade.com\/?page_id=557&lang=fr","title":{"rendered":"[:pt]Videos[:en]Videos[:fr]Vid\u00e9os[:]"},"content":{"rendered":"<p><iframe loading=\"lazy\" title=\"Coco de Passarinho - clipe da pe\u00e7a infantil\" width=\"525\" height=\"295\" src=\"https:\/\/www.youtube.com\/embed\/gvdxep3efsk?feature=oembed\" frameborder=\"0\" allow=\"accelerometer; autoplay; clipboard-write; encrypted-media; gyroscope; picture-in-picture; web-share\" referrerpolicy=\"strict-origin-when-cross-origin\" allowfullscreen><\/iframe><\/p>\n<p><iframe loading=\"lazy\" title=\"100 + Nem Menos - Est\u00fadios Magan\" width=\"525\" height=\"295\" src=\"https:\/\/www.youtube.com\/embed\/rwbttEmmkoY?feature=oembed\" frameborder=\"0\" allow=\"accelerometer; autoplay; clipboard-write; encrypted-media; gyroscope; picture-in-picture; web-share\" referrerpolicy=\"strict-origin-when-cross-origin\" allowfullscreen><\/iframe><\/p>\n<p><iframe loading=\"lazy\" title=\"POP  da Cia  Noz de Teatro  Dan\u00e7a e Anima\u00e7\u00e3o  Magan Filmes 5\" width=\"525\" height=\"295\" src=\"https:\/\/www.youtube.com\/embed\/8T0ez7eOWm0?feature=oembed\" frameborder=\"0\" allow=\"accelerometer; autoplay; clipboard-write; encrypted-media; gyroscope; picture-in-picture; web-share\" referrerpolicy=\"strict-origin-when-cross-origin\" allowfullscreen><\/iframe><\/p>\n<p><iframe loading=\"lazy\" title=\"O Sonho de Maria Lui\u0301sa\" width=\"525\" height=\"295\" src=\"https:\/\/www.youtube.com\/embed\/ToXK9r3BPMM?feature=oembed\" frameborder=\"0\" allow=\"accelerometer; autoplay; clipboard-write; encrypted-media; gyroscope; picture-in-picture; web-share\" referrerpolicy=\"strict-origin-when-cross-origin\" allowfullscreen><\/iframe><\/p>\n<p><iframe loading=\"lazy\" title=\"Espet\u00e1culo - &quot;Demonstrativo para simples confer\u00eancia&quot;\" width=\"525\" height=\"394\" src=\"https:\/\/www.youtube.com\/embed\/Hv9m911Y9vk?feature=oembed\" frameborder=\"0\" allow=\"accelerometer; autoplay; clipboard-write; encrypted-media; gyroscope; picture-in-picture; web-share\" referrerpolicy=\"strict-origin-when-cross-origin\" allowfullscreen><\/iframe><\/p>\n<p><iframe loading=\"lazy\" title=\"Oras Bolas\" width=\"525\" height=\"295\" src=\"https:\/\/www.youtube.com\/embed\/mWElsxjsPpc?feature=oembed\" frameborder=\"0\" allow=\"accelerometer; autoplay; clipboard-write; encrypted-media; gyroscope; picture-in-picture; web-share\" referrerpolicy=\"strict-origin-when-cross-origin\" allowfullscreen><\/iframe><\/p>\n","protected":false},"excerpt":{"rendered":"","protected":false},"author":1,"featured_media":0,"parent":0,"menu_order":0,"comment_status":"closed","ping_status":"closed","template":"page-full-width.php","meta":{"_monsterinsights_skip_tracking":false,"_monsterinsights_sitenote_active":false,"_monsterinsights_sitenote_note":"","_monsterinsights_sitenote_category":0,"footnotes":""},"class_list":["post-557","page","type-page","status-publish","hentry"],"_links":{"self":[{"href":"http:\/\/www.artesandrade.com\/index.php?rest_route=\/wp\/v2\/pages\/557","targetHints":{"allow":["GET"]}}],"collection":[{"href":"http:\/\/www.artesandrade.com\/index.php?rest_route=\/wp\/v2\/pages"}],"about":[{"href":"http:\/\/www.artesandrade.com\/index.php?rest_route=\/wp\/v2\/types\/page"}],"author":[{"embeddable":true,"href":"http:\/\/www.artesandrade.com\/index.php?rest_route=\/wp\/v2\/users\/1"}],"replies":[{"embeddable":true,"href":"http:\/\/www.artesandrade.com\/index.php?rest_route=%2Fwp%2Fv2%2Fcomments&post=557"}],"version-history":[{"count":9,"href":"http:\/\/www.artesandrade.com\/index.php?rest_route=\/wp\/v2\/pages\/557\/revisions"}],"predecessor-version":[{"id":716,"href":"http:\/\/www.artesandrade.com\/index.php?rest_route=\/wp\/v2\/pages\/557\/revisions\/716"}],"wp:attachment":[{"href":"http:\/\/www.artesandrade.com\/index.php?rest_route=%2Fwp%2Fv2%2Fmedia&parent=557"}],"curies":[{"name":"wp","href":"https:\/\/api.w.org\/{rel}","templated":true}]}}