{"id":2501,"date":"2026-04-04T20:26:18","date_gmt":"2026-04-04T20:26:18","guid":{"rendered":"http:\/\/www.artesandrade.com\/?page_id=2501"},"modified":"2026-04-05T19:49:43","modified_gmt":"2026-04-05T19:49:43","slug":"cannibalisme-galerie-commune-lille-france-2025","status":"publish","type":"page","link":"http:\/\/www.artesandrade.com\/?page_id=2501","title":{"rendered":"Les cannibalismes en recherche et en cr\u00e9ation, Galerie commune, Lille (France), 2025"},"content":{"rendered":"\t\t<div data-elementor-type=\"wp-page\" data-elementor-id=\"2501\" class=\"elementor elementor-2501\" data-elementor-settings=\"[]\">\n\t\t\t\t\t\t<div class=\"elementor-inner\">\n\t\t\t\t\t\t\t<div class=\"elementor-section-wrap\">\n\t\t\t\t\t\t\t<section class=\"elementor-section elementor-top-section elementor-element elementor-element-ef90aab elementor-section-boxed elementor-section-height-default elementor-section-height-default\" data-id=\"ef90aab\" data-element_type=\"section\">\n\t\t\t\t\t\t<div class=\"elementor-container elementor-column-gap-default\">\n\t\t\t\t\t\t\t<div class=\"elementor-row\">\n\t\t\t\t\t<div class=\"elementor-column elementor-col-100 elementor-top-column elementor-element elementor-element-0e98dea\" data-id=\"0e98dea\" data-element_type=\"column\">\n\t\t\t<div class=\"elementor-column-wrap elementor-element-populated\">\n\t\t\t\t\t\t\t<div class=\"elementor-widget-wrap\">\n\t\t\t\t\t\t<div class=\"elementor-element elementor-element-bceb6f3 elementor-widget elementor-widget-heading\" data-id=\"bceb6f3\" data-element_type=\"widget\" data-widget_type=\"heading.default\">\n\t\t\t\t<div class=\"elementor-widget-container\">\n\t\t\t<h2 class=\"elementor-heading-title elementor-size-default\">Les cannibalismes en recherche et en cr\u00e9ation, Galerie Commune, Tourcoing (France), 2025 <\/h2>\t\t<\/div>\n\t\t\t\t<\/div>\n\t\t\t\t\t\t<\/div>\n\t\t\t\t\t<\/div>\n\t\t<\/div>\n\t\t\t\t\t\t\t\t<\/div>\n\t\t\t\t\t<\/div>\n\t\t<\/section>\n\t\t\t\t<section class=\"elementor-section elementor-top-section elementor-element elementor-element-cc2dd1a elementor-section-boxed elementor-section-height-default elementor-section-height-default\" data-id=\"cc2dd1a\" data-element_type=\"section\">\n\t\t\t\t\t\t<div class=\"elementor-container elementor-column-gap-default\">\n\t\t\t\t\t\t\t<div class=\"elementor-row\">\n\t\t\t\t\t<div class=\"elementor-column elementor-col-100 elementor-top-column elementor-element elementor-element-a4777e8\" data-id=\"a4777e8\" data-element_type=\"column\">\n\t\t\t<div class=\"elementor-column-wrap elementor-element-populated\">\n\t\t\t\t\t\t\t<div class=\"elementor-widget-wrap\">\n\t\t\t\t\t\t<div class=\"elementor-element elementor-element-37711cb elementor-widget elementor-widget-image\" data-id=\"37711cb\" data-element_type=\"widget\" data-widget_type=\"image.default\">\n\t\t\t\t<div class=\"elementor-widget-container\">\n\t\t\t\t\t\t\t\t<div class=\"elementor-image\">\n\t\t\t\t\t\t\t\t\t<figure class=\"wp-caption\">\n\t\t\t\t\t\t\t\t\t\t<img loading=\"lazy\" decoding=\"async\" width=\"1963\" height=\"840\" src=\"http:\/\/www.artesandrade.com\/wp-content\/uploads\/2026\/04\/640456422_34148724508104942_6689579174092242627_n-e1775417780283.jpg\" class=\"attachment-full size-full\" alt=\"\" srcset=\"http:\/\/www.artesandrade.com\/wp-content\/uploads\/2026\/04\/640456422_34148724508104942_6689579174092242627_n-e1775417780283.jpg 1963w, http:\/\/www.artesandrade.com\/wp-content\/uploads\/2026\/04\/640456422_34148724508104942_6689579174092242627_n-e1775417780283-300x128.jpg 300w, http:\/\/www.artesandrade.com\/wp-content\/uploads\/2026\/04\/640456422_34148724508104942_6689579174092242627_n-e1775417780283-1024x438.jpg 1024w, http:\/\/www.artesandrade.com\/wp-content\/uploads\/2026\/04\/640456422_34148724508104942_6689579174092242627_n-e1775417780283-768x329.jpg 768w, http:\/\/www.artesandrade.com\/wp-content\/uploads\/2026\/04\/640456422_34148724508104942_6689579174092242627_n-e1775417780283-1536x657.jpg 1536w\" sizes=\"auto, 100vw\" \/>\t\t\t\t\t\t\t\t\t\t\t<figcaption class=\"widget-image-caption wp-caption-text\">Exposition collective Les cannibalismes en recherche et en cr\u00e9ation : processus d'ingestion, de digestion et d'incorporation, \u00e0 la Galerie Commune de Tourcoing, en France, du 5 au 7 novembre 2024, sous le commissariat d'dexposition de Marine Allibert.<\/figcaption>\n\t\t\t\t\t\t\t\t\t\t<\/figure>\n\t\t\t\t\t\t\t\t<\/div>\n\t\t\t\t\t\t<\/div>\n\t\t\t\t<\/div>\n\t\t\t\t\t\t<\/div>\n\t\t\t\t\t<\/div>\n\t\t<\/div>\n\t\t\t\t\t\t\t\t<\/div>\n\t\t\t\t\t<\/div>\n\t\t<\/section>\n\t\t\t\t<section class=\"elementor-section elementor-top-section elementor-element elementor-element-8a65117 elementor-section-boxed elementor-section-height-default elementor-section-height-default\" data-id=\"8a65117\" data-element_type=\"section\">\n\t\t\t\t\t\t<div class=\"elementor-container elementor-column-gap-default\">\n\t\t\t\t\t\t\t<div class=\"elementor-row\">\n\t\t\t\t\t<div class=\"elementor-column elementor-col-100 elementor-top-column elementor-element elementor-element-3ca43cb\" data-id=\"3ca43cb\" data-element_type=\"column\">\n\t\t\t<div class=\"elementor-column-wrap\">\n\t\t\t\t\t\t\t<div class=\"elementor-widget-wrap\">\n\t\t\t\t\t\t\t\t<\/div>\n\t\t\t\t\t<\/div>\n\t\t<\/div>\n\t\t\t\t\t\t\t\t<\/div>\n\t\t\t\t\t<\/div>\n\t\t<\/section>\n\t\t\t\t<section class=\"elementor-section elementor-top-section elementor-element elementor-element-b2bb3bf elementor-section-boxed elementor-section-height-default elementor-section-height-default\" data-id=\"b2bb3bf\" data-element_type=\"section\">\n\t\t\t\t\t\t<div class=\"elementor-container elementor-column-gap-default\">\n\t\t\t\t\t\t\t<div class=\"elementor-row\">\n\t\t\t\t\t<div class=\"elementor-column elementor-col-50 elementor-top-column elementor-element elementor-element-3747258\" data-id=\"3747258\" data-element_type=\"column\">\n\t\t\t<div class=\"elementor-column-wrap elementor-element-populated\">\n\t\t\t\t\t\t\t<div class=\"elementor-widget-wrap\">\n\t\t\t\t\t\t<div class=\"elementor-element elementor-element-a4a9905 elementor-widget elementor-widget-image\" data-id=\"a4a9905\" data-element_type=\"widget\" data-widget_type=\"image.default\">\n\t\t\t\t<div class=\"elementor-widget-container\">\n\t\t\t\t\t\t\t\t<div class=\"elementor-image\">\n\t\t\t\t\t\t\t\t\t\t\t\t<img loading=\"lazy\" decoding=\"async\" width=\"525\" height=\"350\" src=\"http:\/\/www.artesandrade.com\/wp-content\/uploads\/2026\/04\/601850305_33134036336240436_8792521352820952401_n-768x512.jpg\" class=\"attachment-medium_large size-medium_large\" alt=\"\" srcset=\"http:\/\/www.artesandrade.com\/wp-content\/uploads\/2026\/04\/601850305_33134036336240436_8792521352820952401_n-768x512.jpg 768w, http:\/\/www.artesandrade.com\/wp-content\/uploads\/2026\/04\/601850305_33134036336240436_8792521352820952401_n-300x200.jpg 300w, http:\/\/www.artesandrade.com\/wp-content\/uploads\/2026\/04\/601850305_33134036336240436_8792521352820952401_n-1024x683.jpg 1024w, http:\/\/www.artesandrade.com\/wp-content\/uploads\/2026\/04\/601850305_33134036336240436_8792521352820952401_n.jpg 1080w\" sizes=\"auto, 100vw\" \/>\t\t\t\t\t\t\t\t\t\t\t\t\t\t<\/div>\n\t\t\t\t\t\t<\/div>\n\t\t\t\t<\/div>\n\t\t\t\t<div class=\"elementor-element elementor-element-5f8f67d elementor-widget elementor-widget-image\" data-id=\"5f8f67d\" data-element_type=\"widget\" data-widget_type=\"image.default\">\n\t\t\t\t<div class=\"elementor-widget-container\">\n\t\t\t\t\t\t\t\t<div class=\"elementor-image\">\n\t\t\t\t\t\t\t\t\t\t\t\t<img loading=\"lazy\" decoding=\"async\" width=\"525\" height=\"350\" src=\"http:\/\/www.artesandrade.com\/wp-content\/uploads\/2026\/04\/639154093_34148724454771614_4411960465977950711_n-768x512.jpg\" class=\"attachment-medium_large size-medium_large\" alt=\"\" srcset=\"http:\/\/www.artesandrade.com\/wp-content\/uploads\/2026\/04\/639154093_34148724454771614_4411960465977950711_n-768x512.jpg 768w, http:\/\/www.artesandrade.com\/wp-content\/uploads\/2026\/04\/639154093_34148724454771614_4411960465977950711_n-300x200.jpg 300w, http:\/\/www.artesandrade.com\/wp-content\/uploads\/2026\/04\/639154093_34148724454771614_4411960465977950711_n-1024x683.jpg 1024w, http:\/\/www.artesandrade.com\/wp-content\/uploads\/2026\/04\/639154093_34148724454771614_4411960465977950711_n-1536x1024.jpg 1536w, http:\/\/www.artesandrade.com\/wp-content\/uploads\/2026\/04\/639154093_34148724454771614_4411960465977950711_n.jpg 2048w\" sizes=\"auto, 100vw\" \/>\t\t\t\t\t\t\t\t\t\t\t\t\t\t<\/div>\n\t\t\t\t\t\t<\/div>\n\t\t\t\t<\/div>\n\t\t\t\t<div class=\"elementor-element elementor-element-b503eca elementor-widget elementor-widget-image\" data-id=\"b503eca\" data-element_type=\"widget\" data-widget_type=\"image.default\">\n\t\t\t\t<div class=\"elementor-widget-container\">\n\t\t\t\t\t\t\t\t<div class=\"elementor-image\">\n\t\t\t\t\t\t\t\t\t\t\t\t<img loading=\"lazy\" decoding=\"async\" width=\"525\" height=\"350\" src=\"http:\/\/www.artesandrade.com\/wp-content\/uploads\/2026\/04\/640398695_34148724071438319_5314291893841616200_n-768x512.jpg\" class=\"attachment-medium_large size-medium_large\" alt=\"\" srcset=\"http:\/\/www.artesandrade.com\/wp-content\/uploads\/2026\/04\/640398695_34148724071438319_5314291893841616200_n-768x512.jpg 768w, http:\/\/www.artesandrade.com\/wp-content\/uploads\/2026\/04\/640398695_34148724071438319_5314291893841616200_n-300x200.jpg 300w, http:\/\/www.artesandrade.com\/wp-content\/uploads\/2026\/04\/640398695_34148724071438319_5314291893841616200_n-1024x683.jpg 1024w, http:\/\/www.artesandrade.com\/wp-content\/uploads\/2026\/04\/640398695_34148724071438319_5314291893841616200_n-1536x1024.jpg 1536w, http:\/\/www.artesandrade.com\/wp-content\/uploads\/2026\/04\/640398695_34148724071438319_5314291893841616200_n.jpg 2048w\" sizes=\"auto, 100vw\" \/>\t\t\t\t\t\t\t\t\t\t\t\t\t\t<\/div>\n\t\t\t\t\t\t<\/div>\n\t\t\t\t<\/div>\n\t\t\t\t\t\t<\/div>\n\t\t\t\t\t<\/div>\n\t\t<\/div>\n\t\t\t\t<div class=\"elementor-column elementor-col-50 elementor-top-column elementor-element elementor-element-07c42cf\" data-id=\"07c42cf\" data-element_type=\"column\">\n\t\t\t<div class=\"elementor-column-wrap elementor-element-populated\">\n\t\t\t\t\t\t\t<div class=\"elementor-widget-wrap\">\n\t\t\t\t\t\t<div class=\"elementor-element elementor-element-ec96f3e elementor-widget elementor-widget-image\" data-id=\"ec96f3e\" data-element_type=\"widget\" data-widget_type=\"image.default\">\n\t\t\t\t<div class=\"elementor-widget-container\">\n\t\t\t\t\t\t\t\t<div class=\"elementor-image\">\n\t\t\t\t\t\t\t\t\t\t\t\t<img decoding=\"async\" src=\"http:\/\/www.artesandrade.com\/wp-content\/uploads\/2026\/04\/CEAC-JE-Cannibalisme_oct2024_web-1-scaled.jpg\" title=\"\" alt=\"\" \/>\t\t\t\t\t\t\t\t\t\t\t\t\t\t<\/div>\n\t\t\t\t\t\t<\/div>\n\t\t\t\t<\/div>\n\t\t\t\t\t\t<\/div>\n\t\t\t\t\t<\/div>\n\t\t<\/div>\n\t\t\t\t\t\t\t\t<\/div>\n\t\t\t\t\t<\/div>\n\t\t<\/section>\n\t\t\t\t\t\t<\/div>\n\t\t\t\t\t\t<\/div>\n\t\t\t\t\t<\/div>\n\t\t","protected":false},"excerpt":{"rendered":"<p>Les cannibalismes en recherche et en cr\u00e9ation, Galerie Commune, Tourcoing (France), 2025 Exposition collective Les cannibalismes en recherche et en cr\u00e9ation : processus d&#8217;ingestion, de digestion et d&#8217;incorporation, \u00e0 la Galerie Commune de Tourcoing, en France, du 5 au 7 novembre 2024, sous le commissariat d&#8217;dexposition de Marine Allibert.<\/p>\n","protected":false},"author":1,"featured_media":0,"parent":0,"menu_order":0,"comment_status":"closed","ping_status":"closed","template":"","meta":{"_monsterinsights_skip_tracking":false,"_monsterinsights_sitenote_active":false,"_monsterinsights_sitenote_note":"","_monsterinsights_sitenote_category":0,"footnotes":""},"class_list":["post-2501","page","type-page","status-publish","hentry"],"_links":{"self":[{"href":"http:\/\/www.artesandrade.com\/index.php?rest_route=\/wp\/v2\/pages\/2501","targetHints":{"allow":["GET"]}}],"collection":[{"href":"http:\/\/www.artesandrade.com\/index.php?rest_route=\/wp\/v2\/pages"}],"about":[{"href":"http:\/\/www.artesandrade.com\/index.php?rest_route=\/wp\/v2\/types\/page"}],"author":[{"embeddable":true,"href":"http:\/\/www.artesandrade.com\/index.php?rest_route=\/wp\/v2\/users\/1"}],"replies":[{"embeddable":true,"href":"http:\/\/www.artesandrade.com\/index.php?rest_route=%2Fwp%2Fv2%2Fcomments&post=2501"}],"version-history":[{"count":20,"href":"http:\/\/www.artesandrade.com\/index.php?rest_route=\/wp\/v2\/pages\/2501\/revisions"}],"predecessor-version":[{"id":2540,"href":"http:\/\/www.artesandrade.com\/index.php?rest_route=\/wp\/v2\/pages\/2501\/revisions\/2540"}],"wp:attachment":[{"href":"http:\/\/www.artesandrade.com\/index.php?rest_route=%2Fwp%2Fv2%2Fmedia&parent=2501"}],"curies":[{"name":"wp","href":"https:\/\/api.w.org\/{rel}","templated":true}]}}